{"id":16,"date":"2024-04-29T22:31:30","date_gmt":"2024-04-29T22:31:30","guid":{"rendered":"https:\/\/smartframesolutions.de\/?page_id=16"},"modified":"2024-04-29T23:22:27","modified_gmt":"2024-04-29T23:22:27","slug":"datenschutzerklarung","status":"publish","type":"page","link":"https:\/\/smartframesolutions.de\/en\/datenschutzerklarung\/","title":{"rendered":"Privacy Policy"},"content":{"rendered":"<header class=\"entry-header\"><\/header>\n<div class=\"entry-content\">\n<p>In dieser Datenschutzerkl\u00e4rung informieren wir Sie \u00fcber die Verarbeitung personenbezogener Daten bei der Nutzung dieser Website.<\/p>\n<p>&nbsp;<\/p>\n<p><strong>Verantwortlicher<\/strong><\/p>\n<p>Verantwortlich f\u00fcr die Datenverarbeitung ist<br \/>\nGrzegorz Sieron, Langenbergerstr. 141, 42551 Velbert, Tel. 01723477621, info@lumis-experience.com<\/p>\n<p>&nbsp;<\/p>\n<p><strong>Personenbezogene Daten<\/strong><\/p>\n<p>Personenbezogene Daten sind alle Informationen, die sich auf eine identifizierte oder identifizierbare nat\u00fcrliche Person (im Folgenden \u201cbetroffene Person\u201d) beziehen. Als identifizierbar wird eine nat\u00fcrliche Person angesehen, die direkt oder indirekt, insbesondere mittels Zuordnung zu einer Kennung wie einem Namen, zu einer Kennnummer, zu Standortdaten, zu einer Online-Kennung oder zu einem oder mehreren besonderen Merkmalen identifiziert werden kann, die Ausdruck der physischen, physiologischen, genetischen, psychischen, wirtschaftlichen, kulturellen oder sozialen Identit\u00e4t dieser nat\u00fcrlichen Person sind.<\/p>\n<p>&nbsp;<\/p>\n<p><strong>Daten beim Websiteaufruf<\/strong><\/p>\n<p>Wenn Sie diese Website nur nutzen, um sich zu informieren und keine Daten angeben, dann verarbeiten wir nur die Daten, die zur Anzeige der Website auf dem von Ihnen verwendeten internetf\u00e4higen Ger\u00e4t erforderlich sind. Das sind insbesondere:<\/p>\n<ul>\n<li>IP-Adresse<\/li>\n<li>Datum und Uhrzeit der Anfrage<\/li>\n<li>jeweils \u00fcbertragene Datenmenge<\/li>\n<li>die Website, von der die Anforderung kommt<\/li>\n<li>Browsertyp und Browserversion<\/li>\n<li>Betriebssystem<\/li>\n<\/ul>\n<p>Rechtsgrundlage f\u00fcr die Verarbeitung dieser Daten sind berechtigte Interessen gem\u00e4\u00df Art. 6 Abs. 1 UAbs. 1 Buchstabe f) DSGVO, um die Darstellung der Website grunds\u00e4tzlich zu erm\u00f6glichen.<\/p>\n<p>Dar\u00fcber hinaus k\u00f6nnen Sie verschiedene Leistungen auf der Website nutzen, bei der weitere personenbezogene und nicht personenbezogene Daten verarbeitet werden.<\/p>\n<p>&nbsp;<\/p>\n<p><strong>Ihre Rechte<\/strong><\/p>\n<p>Als betroffene Person haben Sie folgende Rechte:<\/p>\n<ul>\n<li>Sie haben ein Auskunftsrecht bez\u00fcglich der Sie betreffenden personenbezogenen Daten, die der Verantwortliche verarbeitet (Art. 15 DSGVO),<\/li>\n<li>Sie haben das Recht auf Berichtigung der Sie betreffenden Daten, wenn diese unrichtig oder unvollst\u00e4ndig gespeichert werden (Art. 16 DSGVO),<\/li>\n<li>Sie haben das Recht auf L\u00f6schung (Art. 17 DSGVO),<\/li>\n<li>Sie haben das Recht, die Einschr\u00e4nkung der Verarbeitung Ihrer personenbezogenen Daten zu verlangen (Art. 18 DSGVO),<\/li>\n<li>Sie haben das Recht auf Daten\u00fcbertragbarkeit (Art. 20 DSGVO),<\/li>\n<li>Sie haben ein Widerspruchsrecht gegen die Verarbeitung Sie betreffender personenbezogener Daten (Art. 21 DSGVO),<\/li>\n<li>Sie haben das Recht nicht einer ausschlie\u00dflich auf einer automatisierten Verarbeitung \u2013 einschlie\u00dflich Profiling \u2013 beruhenden Entscheidung unterworfen zu werden, die Ihnen gegen\u00fcber rechtliche Wirkung entfaltet oder sie in \u00e4hnlicher Weise erheblich beeintr\u00e4chtigt (Art. 22 DSGVO),<\/li>\n<li>Sie haben das Recht, sich bei einem vermuteten Versto\u00df gegen das Datenschutzrecht bei der zust\u00e4ndigen Aufsichtsbeh\u00f6rde zu beschweren (Art. 77 DSGVO). Zust\u00e4ndig ist die Aufsichtsbeh\u00f6rde an Ihrem \u00fcblichen Aufenthaltsort, Arbeitsplatz oder am Ort des vermuteten Versto\u00dfes.<\/li>\n<\/ul>\n<p>Quelle: Muster-Datenschutzerkl\u00e4rung von anwalt.de<\/p>\n<p>&nbsp;<\/p>\n<p><strong>Einsatz von Cookies<\/strong><\/p>\n<p>Beim Besuch der Website k\u00f6nnen Cookies auf Ihrem Ger\u00e4t gespeichert werden. Cookies sind kleine Textdateien, die von dem von Ihnen verwendeten Browser gespeichert werden. Cookies k\u00f6nnen keine Programme ausf\u00fchren und auch keine Viren auf Ihr Ger\u00e4t \u00fcbertragen. Die Stelle, die den Cookie setzt, kann dar\u00fcber jedoch bestimmte Informationen erhalten. Cookies dienen dazu, das Internetangebot benutzerfreundlicher zu machen. Mithilfe von Cookies kann beispielsweise das Ger\u00e4t, mit dem diese Website aufgerufen wurde, bei einem erneuten Aufruf erkannt werden.<\/p>\n<p>Durch die Browsereinstellungen l\u00e4sst sich das Setzen von Cookies einschr\u00e4nken oder verhindern. So kann z. B. nur die Annahme von Cookies, die von Drittanbietern stammen, blockiert werden oder aber auch die Annahme von allen Cookies. Durch das Blockieren sind jedoch m\u00f6glicherweise nicht mehr alle Funktionen dieser Website nutzbar. Im weiteren Text dieser Datenschutzerkl\u00e4rung informieren wir Sie konkret, an welchen Stellen und zu welchen Zwecken Cookies auf den Seiten zum Einsatz kommen.<\/p>\n<p>Quelle: Muster-Datenschutzerkl\u00e4rung von anwalt.de<\/p>\n<p>&nbsp;<\/p>\n<p><strong>Datenschutzerkl\u00e4rung f\u00fcr Google Analytics<\/strong><\/p>\n<p>Diese Website verwendet Google Analytics, einen Webanalysedienst der Google Inc., 1600 Amphitheatre Parkway, Mountain View, CA 94043, USA. Zu diesem Zweck werden von Google Cookies auf dem Ger\u00e4t gesetzt. Diese erm\u00f6glichen eine Analyse der Website-Nutzung. Die dabei erfassten Informationen werden in der Regel an einen Server von Google in den USA \u00fcbermittelt und dort erfasst \u2013 darunter auch die IP-Adresse. Google Analytics ist dabei so eingestellt, dass IP-Adressen nur anonymisiert gespeichert werden. Google k\u00fcrzt aufgrund dieser Einstellung vor der Speicherung die innerhalb von Mitgliedstaaten der Europ\u00e4ischen Union oder in anderen Vertragsstaaten des Abkommens \u00fcber den Europ\u00e4ischen Wirtschaftsraum erfassten IP-Adressen. Google nutzt die gesammelten Informationen, um die Nutzung der Webseiten auszuwerten und entsprechende Berichte zu erstellen. Google Analytics ist so eingestellt, dass die Daten innerhalb von 14 Monaten nach ihrem Entstehen gel\u00f6scht werden.<\/p>\n<p>Die Verarbeitung der Daten erfolgt auf Grundlage von Art. 6 Abs. 1 UAbs. 1 Buchstabe f) DSGVO mit dem berechtigten Interesse an der Verbesserung dieses Websiteangebots.<\/p>\n<p>Das Setzen des Analytics-Cookies l\u00e4sst sich verhindern, indem der Browser so eingestellt wird, dass dieser alle Cookies ablehnt. M\u00f6glicherweise beeintr\u00e4chtigt das jedoch die Nutzungsm\u00f6glichkeiten dieser Website. Die Erfassung von Daten durch Google kann au\u00dferdem die Installation des folgenden Browser-Plug-ins verhindern: https:\/\/tools.google.com\/dlpage\/gaoptout?hl=de. Die Erfassung von Daten durch Google Analytics verhindert zudem ein Klick auf folgenden Link. Dieser setzt ein entsprechende Opt-Out-Cookie: Erfassung von Daten durch Google Analytics f\u00fcr diese Website deaktivieren.<\/p>\n<p>Weitere Informationen zum Datenschutz von Google finden Sie unter: https:\/\/www.google.com\/intl\/de\/analytics\/privacyoverview.html.<\/p>\n<p>Quelle: Muster-Datenschutzerkl\u00e4rung von anwalt.de<\/p>\n<p>&nbsp;<\/p>\n<p><strong>Datenschutzerkl\u00e4rung f\u00fcr unser Kontaktformular<\/strong><\/p>\n<p>Wenn Sie die im Kontaktformular eingegebenen Daten durch Klick auf den nachfolgenden Button \u00fcbersenden, erkl\u00e4ren Sie sich damit einverstanden, dass wir Ihre Angaben f\u00fcr die Beantwortung Ihrer Anfrage bzw. Kontaktaufnahme verwenden. Eine Weitergabe an Dritte findet grunds\u00e4tzlich nicht statt, es sei denn geltende Datenschutzvorschriften rechtfertigen eine \u00dcbertragung oder wir dazu gesetzlich verpflichtet sind. Sie k\u00f6nnen Ihre erteilte Einwilligung jederzeit mit Wirkung f\u00fcr die Zukunft widerrufen. Im Falle des Widerrufs werden Ihre Daten umgehend gel\u00f6scht. Ihre Daten werden ansonsten gel\u00f6scht, wenn wir Ihre Anfrage bearbeitet haben oder der Zweck der Speicherung entfallen ist. Sie k\u00f6nnen sich jederzeit \u00fcber die zu Ihrer Person gespeicherten Daten informieren. Weitere Informationen zum Datenschutz finden Sie auch in der Datenschutzerkl\u00e4rung dieser Webseite.<\/p>\n<p>(Quelle Musterdatenschutzerkl\u00e4rung f\u00fcr Kontaktformular Kanzlei Sieling )<\/p>\n<\/div>","protected":false},"excerpt":{"rendered":"<p>In dieser Datenschutzerkl\u00e4rung informieren wir Sie \u00fcber die Verarbeitung personenbezogener Daten bei der Nutzung dieser Website. &nbsp; Verantwortlicher Verantwortlich f\u00fcr die Datenverarbeitung ist Grzegorz Sieron, Langenbergerstr. 141, 42551 Velbert, Tel. 01723477621, info@lumis-experience.com &nbsp; Personenbezogene Daten Personenbezogene Daten sind alle Informationen, die sich auf eine identifizierte oder identifizierbare nat\u00fcrliche Person (im Folgenden \u201cbetroffene Person\u201d) beziehen. Als [&hellip;]<\/p>","protected":false},"author":1,"featured_media":0,"parent":0,"menu_order":0,"comment_status":"closed","ping_status":"closed","template":"","meta":{"_acf_changed":false,"footnotes":""},"acf":[],"_links":{"self":[{"href":"https:\/\/smartframesolutions.de\/en\/wp-json\/wp\/v2\/pages\/16"}],"collection":[{"href":"https:\/\/smartframesolutions.de\/en\/wp-json\/wp\/v2\/pages"}],"about":[{"href":"https:\/\/smartframesolutions.de\/en\/wp-json\/wp\/v2\/types\/page"}],"author":[{"embeddable":true,"href":"https:\/\/smartframesolutions.de\/en\/wp-json\/wp\/v2\/users\/1"}],"replies":[{"embeddable":true,"href":"https:\/\/smartframesolutions.de\/en\/wp-json\/wp\/v2\/comments?post=16"}],"version-history":[{"count":4,"href":"https:\/\/smartframesolutions.de\/en\/wp-json\/wp\/v2\/pages\/16\/revisions"}],"predecessor-version":[{"id":22,"href":"https:\/\/smartframesolutions.de\/en\/wp-json\/wp\/v2\/pages\/16\/revisions\/22"}],"wp:attachment":[{"href":"https:\/\/smartframesolutions.de\/en\/wp-json\/wp\/v2\/media?parent=16"}],"curies":[{"name":"wp","href":"https:\/\/api.w.org\/{rel}","templated":true}]}}